{"id":117,"date":"2017-12-08T14:34:29","date_gmt":"2017-12-08T12:34:29","guid":{"rendered":"http:\/\/31.217.192.134\/~saarist4\/?page_id=117"},"modified":"2025-07-17T15:54:18","modified_gmt":"2025-07-17T12:54:18","slug":"tavlingsinformation","status":"publish","type":"page","link":"https:\/\/saaristotrail.fi\/sv\/tavlingsinformation\/","title":{"rendered":"T\u00e4vlingsinformation"},"content":{"rendered":"<p style=\"text-align: left;\">SaaristoTrail \u00e4r ett upplevelserikt stiglopp i Pargas som l\u00f6ps l\u00f6rdagen den 13.9.2025. Loppet b\u00f6rjar vid skidstadion intill Archipelagia Golf med f\u00f6rsta start kl. 10 som \u00e4r barnloppet, de \u00f6vriga loppen startar kl. 10:30.<\/p>\n<p>Banorna g\u00e5r i omv\u00e4xlande terr\u00e4ng. Banalternativen \u00e4r 7 km, 14 km eller 21 km. De tv\u00e5 l\u00e4ngsta banorna l\u00f6per \u00f6ver de vackra men kr\u00e4vande bergsklipporna i Svin\u00f6 (Vepobergen).<\/p>\n<p>\u00c5rets arrang\u00f6rer \u00e4r Pargas IF skidsektion.<\/p>\n","protected":false},"excerpt":{"rendered":"<p>SaaristoTrail \u00e4r ett upplevelserikt stiglopp i Pargas som l\u00f6ps l\u00f6rdagen den 13.9.2025. Loppet b\u00f6rjar vid skidstadion intill Archipelagia Golf med f\u00f6rsta start kl. 10 som \u00e4r barnloppet, de \u00f6vriga loppen startar kl. 10:30. Banorna g\u00e5r i omv\u00e4xlande terr\u00e4ng. Banalternativen \u00e4r 7 km, 14 km eller 21 km. De tv\u00e5 l\u00e4ngsta banorna l\u00f6per \u00f6ver de vackra [&hellip;]<\/p>\n","protected":false},"author":1,"featured_media":1959,"parent":0,"menu_order":1,"comment_status":"closed","ping_status":"closed","template":"","meta":{"site-sidebar-layout":"default","site-content-layout":"default","ast-site-content-layout":"default","site-content-style":"default","site-sidebar-style":"default","ast-global-header-display":"","ast-banner-title-visibility":"","ast-main-header-display":"","ast-hfb-above-header-display":"","ast-hfb-below-header-display":"","ast-hfb-mobile-header-display":"","site-post-title":"","ast-breadcrumbs-content":"","ast-featured-img":"","footer-sml-layout":"","ast-disable-related-posts":"","theme-transparent-header-meta":"default","adv-header-id-meta":"","stick-header-meta":"default","header-above-stick-meta":"","header-main-stick-meta":"","header-below-stick-meta":"","astra-migrate-meta-layouts":"set","ast-page-background-enabled":"default","ast-page-background-meta":{"desktop":{"background-color":"","background-image":"","background-repeat":"repeat","background-position":"center center","background-size":"auto","background-attachment":"scroll","background-type":"","background-media":"","overlay-type":"","overlay-color":"","overlay-opacity":"","overlay-gradient":""},"tablet":{"background-color":"","background-image":"","background-repeat":"repeat","background-position":"center center","background-size":"auto","background-attachment":"scroll","background-type":"","background-media":"","overlay-type":"","overlay-color":"","overlay-opacity":"","overlay-gradient":""},"mobile":{"background-color":"","background-image":"","background-repeat":"repeat","background-position":"center center","background-size":"auto","background-attachment":"scroll","background-type":"","background-media":"","overlay-type":"","overlay-color":"","overlay-opacity":"","overlay-gradient":""}},"ast-content-background-meta":{"desktop":{"background-color":"var(--ast-global-color-5)","background-image":"","background-repeat":"repeat","background-position":"center center","background-size":"auto","background-attachment":"scroll","background-type":"","background-media":"","overlay-type":"","overlay-color":"","overlay-opacity":"","overlay-gradient":""},"tablet":{"background-color":"var(--ast-global-color-5)","background-image":"","background-repeat":"repeat","background-position":"center center","background-size":"auto","background-attachment":"scroll","background-type":"","background-media":"","overlay-type":"","overlay-color":"","overlay-opacity":"","overlay-gradient":""},"mobile":{"background-color":"var(--ast-global-color-5)","background-image":"","background-repeat":"repeat","background-position":"center center","background-size":"auto","background-attachment":"scroll","background-type":"","background-media":"","overlay-type":"","overlay-color":"","overlay-opacity":"","overlay-gradient":""}},"footnotes":""},"class_list":["post-117","page","type-page","status-publish","has-post-thumbnail","hentry"],"_links":{"self":[{"href":"https:\/\/saaristotrail.fi\/sv\/wp-json\/wp\/v2\/pages\/117","targetHints":{"allow":["GET"]}}],"collection":[{"href":"https:\/\/saaristotrail.fi\/sv\/wp-json\/wp\/v2\/pages"}],"about":[{"href":"https:\/\/saaristotrail.fi\/sv\/wp-json\/wp\/v2\/types\/page"}],"author":[{"embeddable":true,"href":"https:\/\/saaristotrail.fi\/sv\/wp-json\/wp\/v2\/users\/1"}],"replies":[{"embeddable":true,"href":"https:\/\/saaristotrail.fi\/sv\/wp-json\/wp\/v2\/comments?post=117"}],"version-history":[{"count":0,"href":"https:\/\/saaristotrail.fi\/sv\/wp-json\/wp\/v2\/pages\/117\/revisions"}],"wp:featuredmedia":[{"embeddable":true,"href":"https:\/\/saaristotrail.fi\/sv\/wp-json\/wp\/v2\/media\/1959"}],"wp:attachment":[{"href":"https:\/\/saaristotrail.fi\/sv\/wp-json\/wp\/v2\/media?parent=117"}],"curies":[{"name":"wp","href":"https:\/\/api.w.org\/{rel}","templated":true}]}}