{"id":12,"date":"2017-12-07T14:06:27","date_gmt":"2017-12-07T12:06:27","guid":{"rendered":"http:\/\/31.217.192.134\/~saarist4\/?page_id=12"},"modified":"2026-03-20T16:27:37","modified_gmt":"2026-03-20T14:27:37","slug":"kontaktuppgifter","status":"publish","type":"page","link":"https:\/\/saaristotrail.fi\/sv\/kontaktuppgifter\/","title":{"rendered":"Kontaktuppgifter"},"content":{"rendered":"<p><iframe src=\"https:\/\/www.google.com\/maps\/embed?pb=!1m14!1m8!1m3!1d1976.0823931603632!2d22.2612496!3d60.3116989!3m2!1i1024!2i768!4f13.1!3m3!1m2!1s0x468c7b92f934bded%3A0x7878d0c86f2580c1!2sFinbyv%C3%A4gen%2087%2C%2021600%20Pargas!5e0!3m2!1ssv!2sfi!4v1774016802810!5m2!1ssv!2sfi\" width=\"600\" height=\"450\" style=\"border:0;\" allowfullscreen=\"\" loading=\"lazy\" referrerpolicy=\"no-referrer-when-downgrade\"><\/iframe><\/p>\n\n\n\n<p><strong>T\u00e4vlingsplats:<\/strong>&nbsp;Finby skidstadion (Finbyv\u00e4gen 87)<\/p>\n\n\n\n<p><strong>E-postadress: <\/strong>&nbsp;<a title=\"niklas.westerlund75@gmail.com\" href=\"mailto:niklas.westerlund75@gmail.com\" target=\"_blank\" rel=\"noopener\">niklas.westerlund75@gmail.com<\/a><\/p>\n\n\n\n<p><b>T\u00e4vlingsledare:<\/b> Patrick Johansson &#8211; 0407655780<\/p>\n\n\n\n<p><b>Banm\u00e4stare:<\/b>&nbsp;Niklas Westerlund &#8211; 050 5988 583<\/p>\n","protected":false},"excerpt":{"rendered":"<p>T\u00e4vlingsplats:&nbsp;Finby skidstadion (Finbyv\u00e4gen 87) E-postadress: &nbsp;niklas.westerlund75@gmail.com T\u00e4vlingsledare: Patrick Johansson &#8211; 0407655780 Banm\u00e4stare:&nbsp;Niklas Westerlund &#8211; 050 5988 583<\/p>\n","protected":false},"author":1,"featured_media":0,"parent":0,"menu_order":89,"comment_status":"closed","ping_status":"closed","template":"","meta":{"site-sidebar-layout":"default","site-content-layout":"default","ast-site-content-layout":"default","site-content-style":"default","site-sidebar-style":"default","ast-global-header-display":"","ast-banner-title-visibility":"","ast-main-header-display":"","ast-hfb-above-header-display":"","ast-hfb-below-header-display":"","ast-hfb-mobile-header-display":"","site-post-title":"","ast-breadcrumbs-content":"","ast-featured-img":"","footer-sml-layout":"","ast-disable-related-posts":"","theme-transparent-header-meta":"default","adv-header-id-meta":"","stick-header-meta":"default","header-above-stick-meta":"","header-main-stick-meta":"","header-below-stick-meta":"","astra-migrate-meta-layouts":"set","ast-page-background-enabled":"default","ast-page-background-meta":{"desktop":{"background-color":"","background-image":"","background-repeat":"repeat","background-position":"center center","background-size":"auto","background-attachment":"scroll","background-type":"","background-media":"","overlay-type":"","overlay-color":"","overlay-opacity":"","overlay-gradient":""},"tablet":{"background-color":"","background-image":"","background-repeat":"repeat","background-position":"center center","background-size":"auto","background-attachment":"scroll","background-type":"","background-media":"","overlay-type":"","overlay-color":"","overlay-opacity":"","overlay-gradient":""},"mobile":{"background-color":"","background-image":"","background-repeat":"repeat","background-position":"center center","background-size":"auto","background-attachment":"scroll","background-type":"","background-media":"","overlay-type":"","overlay-color":"","overlay-opacity":"","overlay-gradient":""}},"ast-content-background-meta":{"desktop":{"background-color":"var(--ast-global-color-5)","background-image":"","background-repeat":"repeat","background-position":"center center","background-size":"auto","background-attachment":"scroll","background-type":"","background-media":"","overlay-type":"","overlay-color":"","overlay-opacity":"","overlay-gradient":""},"tablet":{"background-color":"var(--ast-global-color-5)","background-image":"","background-repeat":"repeat","background-position":"center center","background-size":"auto","background-attachment":"scroll","background-type":"","background-media":"","overlay-type":"","overlay-color":"","overlay-opacity":"","overlay-gradient":""},"mobile":{"background-color":"var(--ast-global-color-5)","background-image":"","background-repeat":"repeat","background-position":"center center","background-size":"auto","background-attachment":"scroll","background-type":"","background-media":"","overlay-type":"","overlay-color":"","overlay-opacity":"","overlay-gradient":""}},"footnotes":""},"class_list":["post-12","page","type-page","status-publish","hentry"],"_links":{"self":[{"href":"https:\/\/saaristotrail.fi\/sv\/wp-json\/wp\/v2\/pages\/12","targetHints":{"allow":["GET"]}}],"collection":[{"href":"https:\/\/saaristotrail.fi\/sv\/wp-json\/wp\/v2\/pages"}],"about":[{"href":"https:\/\/saaristotrail.fi\/sv\/wp-json\/wp\/v2\/types\/page"}],"author":[{"embeddable":true,"href":"https:\/\/saaristotrail.fi\/sv\/wp-json\/wp\/v2\/users\/1"}],"replies":[{"embeddable":true,"href":"https:\/\/saaristotrail.fi\/sv\/wp-json\/wp\/v2\/comments?post=12"}],"version-history":[{"count":1,"href":"https:\/\/saaristotrail.fi\/sv\/wp-json\/wp\/v2\/pages\/12\/revisions"}],"predecessor-version":[{"id":4354,"href":"https:\/\/saaristotrail.fi\/sv\/wp-json\/wp\/v2\/pages\/12\/revisions\/4354"}],"wp:attachment":[{"href":"https:\/\/saaristotrail.fi\/sv\/wp-json\/wp\/v2\/media?parent=12"}],"curies":[{"name":"wp","href":"https:\/\/api.w.org\/{rel}","templated":true}]}}