{"id":652,"date":"2018-02-27T15:24:28","date_gmt":"2018-02-27T13:24:28","guid":{"rendered":"https:\/\/saaristotrail.fi\/?page_id=652"},"modified":"2025-05-22T16:02:06","modified_gmt":"2025-05-22T13:02:06","slug":"tidtabell","status":"publish","type":"page","link":"https:\/\/saaristotrail.fi\/sv\/tavlingsinformation\/tidtabell\/","title":{"rendered":"Tidtabell"},"content":{"rendered":"<p><strong>L\u00f6rdag 13.9.2025<\/strong><\/p>\n<p>8.30 T\u00e4vlingskansliet \u00f6ppnar vid Finby skidstadion (Finbyv\u00e4gen 87).<\/p>\n<p>T\u00e4vlingsmaterialet b\u00f6r s\u00f6kas senast en halv timme f\u00f6re start.<\/p>\n<p>10.00 1 km start<\/p>\n<p>10.30 21 km, 14 km och 7 km start<\/p>\n<p>12.30 Prisutdelning (7 km och 14 km)<\/p>\n<p>13.30 Prisutdelning (21 km)<\/p>\n<p>16.00 M\u00e5let st\u00e4ngs<\/p>\n","protected":false},"excerpt":{"rendered":"<p>L\u00f6rdag 13.9.2025 8.30 T\u00e4vlingskansliet \u00f6ppnar vid Finby skidstadion (Finbyv\u00e4gen 87). T\u00e4vlingsmaterialet b\u00f6r s\u00f6kas senast en halv timme f\u00f6re start. 10.00 1 km start 10.30 21 km, 14 km och 7 km start 12.30 Prisutdelning (7 km och 14 km) 13.30 Prisutdelning (21 km) 16.00 M\u00e5let st\u00e4ngs<\/p>\n","protected":false},"author":1,"featured_media":1914,"parent":117,"menu_order":0,"comment_status":"closed","ping_status":"closed","template":"","meta":{"site-sidebar-layout":"default","site-content-layout":"default","ast-site-content-layout":"default","site-content-style":"default","site-sidebar-style":"default","ast-global-header-display":"","ast-banner-title-visibility":"","ast-main-header-display":"","ast-hfb-above-header-display":"","ast-hfb-below-header-display":"","ast-hfb-mobile-header-display":"","site-post-title":"","ast-breadcrumbs-content":"","ast-featured-img":"","footer-sml-layout":"","ast-disable-related-posts":"","theme-transparent-header-meta":"default","adv-header-id-meta":"","stick-header-meta":"default","header-above-stick-meta":"","header-main-stick-meta":"","header-below-stick-meta":"","astra-migrate-meta-layouts":"set","ast-page-background-enabled":"default","ast-page-background-meta":{"desktop":{"background-color":"","background-image":"","background-repeat":"repeat","background-position":"center center","background-size":"auto","background-attachment":"scroll","background-type":"","background-media":"","overlay-type":"","overlay-color":"","overlay-opacity":"","overlay-gradient":""},"tablet":{"background-color":"","background-image":"","background-repeat":"repeat","background-position":"center center","background-size":"auto","background-attachment":"scroll","background-type":"","background-media":"","overlay-type":"","overlay-color":"","overlay-opacity":"","overlay-gradient":""},"mobile":{"background-color":"","background-image":"","background-repeat":"repeat","background-position":"center center","background-size":"auto","background-attachment":"scroll","background-type":"","background-media":"","overlay-type":"","overlay-color":"","overlay-opacity":"","overlay-gradient":""}},"ast-content-background-meta":{"desktop":{"background-color":"var(--ast-global-color-5)","background-image":"","background-repeat":"repeat","background-position":"center center","background-size":"auto","background-attachment":"scroll","background-type":"","background-media":"","overlay-type":"","overlay-color":"","overlay-opacity":"","overlay-gradient":""},"tablet":{"background-color":"var(--ast-global-color-5)","background-image":"","background-repeat":"repeat","background-position":"center center","background-size":"auto","background-attachment":"scroll","background-type":"","background-media":"","overlay-type":"","overlay-color":"","overlay-opacity":"","overlay-gradient":""},"mobile":{"background-color":"var(--ast-global-color-5)","background-image":"","background-repeat":"repeat","background-position":"center center","background-size":"auto","background-attachment":"scroll","background-type":"","background-media":"","overlay-type":"","overlay-color":"","overlay-opacity":"","overlay-gradient":""}},"footnotes":""},"class_list":["post-652","page","type-page","status-publish","has-post-thumbnail","hentry"],"_links":{"self":[{"href":"https:\/\/saaristotrail.fi\/sv\/wp-json\/wp\/v2\/pages\/652","targetHints":{"allow":["GET"]}}],"collection":[{"href":"https:\/\/saaristotrail.fi\/sv\/wp-json\/wp\/v2\/pages"}],"about":[{"href":"https:\/\/saaristotrail.fi\/sv\/wp-json\/wp\/v2\/types\/page"}],"author":[{"embeddable":true,"href":"https:\/\/saaristotrail.fi\/sv\/wp-json\/wp\/v2\/users\/1"}],"replies":[{"embeddable":true,"href":"https:\/\/saaristotrail.fi\/sv\/wp-json\/wp\/v2\/comments?post=652"}],"version-history":[{"count":0,"href":"https:\/\/saaristotrail.fi\/sv\/wp-json\/wp\/v2\/pages\/652\/revisions"}],"up":[{"embeddable":true,"href":"https:\/\/saaristotrail.fi\/sv\/wp-json\/wp\/v2\/pages\/117"}],"wp:featuredmedia":[{"embeddable":true,"href":"https:\/\/saaristotrail.fi\/sv\/wp-json\/wp\/v2\/media\/1914"}],"wp:attachment":[{"href":"https:\/\/saaristotrail.fi\/sv\/wp-json\/wp\/v2\/media?parent=652"}],"curies":[{"name":"wp","href":"https:\/\/api.w.org\/{rel}","templated":true}]}}