{"id":656,"date":"2018-02-27T15:30:24","date_gmt":"2018-02-27T13:30:24","guid":{"rendered":"https:\/\/saaristotrail.fi\/?page_id=656"},"modified":"2025-05-22T16:08:21","modified_gmt":"2025-05-22T13:08:21","slug":"deltagaravgifter-och-klasser","status":"publish","type":"page","link":"https:\/\/saaristotrail.fi\/sv\/tavlingsinformation\/deltagaravgifter-och-klasser\/","title":{"rendered":"Deltagaravgifter och klasser"},"content":{"rendered":"\n<div class=\"wp-block-columns is-layout-flex wp-container-core-columns-is-layout-28f84493 wp-block-columns-is-layout-flex\">\n<div class=\"wp-block-column is-layout-flow wp-block-column-is-layout-flow\">\n<p>SaaristoTrail 2025 deltagaravgifter \u00e4r f\u00f6ljande:<\/p>\n\n\n\n<p><strong>F\u00f6re 15.7<br><\/strong>21 km 20\u20ac<br>14 km 20\u20ac<br>7 km 15\u20ac<\/p>\n\n\n\n<p><strong>F\u00f6re 7.9<br><\/strong>21 km 25\u20ac<br>14 km 25\u20ac<br>7 km 20\u20ac<\/p>\n\n\n\n<p><strong>Efteranm\u00e4lan<\/strong><br>21 km 30\u20ac<br>14 km 30\u20ac<br>7 km 25\u20ac<\/p>\n\n\n\n<p><strong>Barnens 1 km lopp<\/strong><br><br><em>Anm\u00e4lan till barnens lekfulla 1 km lopp \u00e4r\u00a0<strong>gratis om<\/strong>\u00a0<strong>man f\u00f6rhands anm\u00e4ler sig senast den 10.9<\/strong>. Efteranm\u00e4lan kostar 5 euro och g\u00f6rs p\u00e5 plats minst en halv timme f\u00f6re start. Alla i barnloppet f\u00e5r medalj!<\/em><\/p>\n\n\n\n<h3 class=\"wp-block-heading\">T\u00e4vlingen har f\u00f6ljande klasser:<\/h3>\n\n\n\n<p>21 km: herrar, damer<br>14 km: herrar, damer<br>  7 km: herrar, damer <\/p>\n<\/div>\n\n\n\n<div class=\"wp-block-column is-layout-flow wp-block-column-is-layout-flow\">\n<p><strong>I deltagaravgiften ing\u00e5r:<\/strong><\/p>\n\n\n\n<ul class=\"wp-block-list\">\n<li>Tidtagning och resultatservice<\/li>\n\n\n\n<li>Ledd uppv\u00e4rmning f\u00f6re loppet<\/li>\n\n\n\n<li>Tv\u00e4ttm\u00f6jlighet finns i Archipelagia Golfs omkl\u00e4dningsutrymmen<\/li>\n\n\n\n<li>Video och bilder fr\u00e5n t\u00e4vlingen att ladda ner<\/li>\n\n\n\n<li>Snitslad rutt, arrang\u00f6rer p\u00e5 de mest utmanande platserna<\/li>\n\n\n\n<li>Drickaservice p\u00e5 rutten<\/li>\n\n\n\n<li>Unik Saaristotrail medalj<\/li>\n\n\n\n<li>Pris till de b\u00e4sta. Inga utlottningspriser.<\/li>\n<\/ul>\n<\/div>\n<\/div>\n\n\n\n<p><\/p>\n","protected":false},"excerpt":{"rendered":"<p>SaaristoTrail 2025 deltagaravgifter \u00e4r f\u00f6ljande: F\u00f6re 15.721 km 20\u20ac14 km 20\u20ac7 km 15\u20ac F\u00f6re 7.921 km 25\u20ac14 km 25\u20ac7 km 20\u20ac Efteranm\u00e4lan21 km 30\u20ac14 km 30\u20ac7 km 25\u20ac Barnens 1 km lopp Anm\u00e4lan till barnens lekfulla 1 km lopp \u00e4r\u00a0gratis om\u00a0man f\u00f6rhands anm\u00e4ler sig senast den 10.9. Efteranm\u00e4lan kostar 5 euro och g\u00f6rs p\u00e5 plats [&hellip;]<\/p>\n","protected":false},"author":1,"featured_media":1920,"parent":117,"menu_order":3,"comment_status":"closed","ping_status":"closed","template":"","meta":{"site-sidebar-layout":"default","site-content-layout":"default","ast-site-content-layout":"default","site-content-style":"default","site-sidebar-style":"default","ast-global-header-display":"","ast-banner-title-visibility":"","ast-main-header-display":"","ast-hfb-above-header-display":"","ast-hfb-below-header-display":"","ast-hfb-mobile-header-display":"","site-post-title":"","ast-breadcrumbs-content":"","ast-featured-img":"","footer-sml-layout":"","ast-disable-related-posts":"","theme-transparent-header-meta":"default","adv-header-id-meta":"","stick-header-meta":"default","header-above-stick-meta":"","header-main-stick-meta":"","header-below-stick-meta":"","astra-migrate-meta-layouts":"set","ast-page-background-enabled":"default","ast-page-background-meta":{"desktop":{"background-color":"","background-image":"","background-repeat":"repeat","background-position":"center center","background-size":"auto","background-attachment":"scroll","background-type":"","background-media":"","overlay-type":"","overlay-color":"","overlay-opacity":"","overlay-gradient":""},"tablet":{"background-color":"","background-image":"","background-repeat":"repeat","background-position":"center center","background-size":"auto","background-attachment":"scroll","background-type":"","background-media":"","overlay-type":"","overlay-color":"","overlay-opacity":"","overlay-gradient":""},"mobile":{"background-color":"","background-image":"","background-repeat":"repeat","background-position":"center center","background-size":"auto","background-attachment":"scroll","background-type":"","background-media":"","overlay-type":"","overlay-color":"","overlay-opacity":"","overlay-gradient":""}},"ast-content-background-meta":{"desktop":{"background-color":"var(--ast-global-color-5)","background-image":"","background-repeat":"repeat","background-position":"center center","background-size":"auto","background-attachment":"scroll","background-type":"","background-media":"","overlay-type":"","overlay-color":"","overlay-opacity":"","overlay-gradient":""},"tablet":{"background-color":"var(--ast-global-color-5)","background-image":"","background-repeat":"repeat","background-position":"center center","background-size":"auto","background-attachment":"scroll","background-type":"","background-media":"","overlay-type":"","overlay-color":"","overlay-opacity":"","overlay-gradient":""},"mobile":{"background-color":"var(--ast-global-color-5)","background-image":"","background-repeat":"repeat","background-position":"center center","background-size":"auto","background-attachment":"scroll","background-type":"","background-media":"","overlay-type":"","overlay-color":"","overlay-opacity":"","overlay-gradient":""}},"footnotes":""},"class_list":["post-656","page","type-page","status-publish","has-post-thumbnail","hentry"],"_links":{"self":[{"href":"https:\/\/saaristotrail.fi\/sv\/wp-json\/wp\/v2\/pages\/656","targetHints":{"allow":["GET"]}}],"collection":[{"href":"https:\/\/saaristotrail.fi\/sv\/wp-json\/wp\/v2\/pages"}],"about":[{"href":"https:\/\/saaristotrail.fi\/sv\/wp-json\/wp\/v2\/types\/page"}],"author":[{"embeddable":true,"href":"https:\/\/saaristotrail.fi\/sv\/wp-json\/wp\/v2\/users\/1"}],"replies":[{"embeddable":true,"href":"https:\/\/saaristotrail.fi\/sv\/wp-json\/wp\/v2\/comments?post=656"}],"version-history":[{"count":0,"href":"https:\/\/saaristotrail.fi\/sv\/wp-json\/wp\/v2\/pages\/656\/revisions"}],"up":[{"embeddable":true,"href":"https:\/\/saaristotrail.fi\/sv\/wp-json\/wp\/v2\/pages\/117"}],"wp:featuredmedia":[{"embeddable":true,"href":"https:\/\/saaristotrail.fi\/sv\/wp-json\/wp\/v2\/media\/1920"}],"wp:attachment":[{"href":"https:\/\/saaristotrail.fi\/sv\/wp-json\/wp\/v2\/media?parent=656"}],"curies":[{"name":"wp","href":"https:\/\/api.w.org\/{rel}","templated":true}]}}