{"id":661,"date":"2018-02-26T11:54:33","date_gmt":"2018-02-26T09:54:33","guid":{"rendered":"https:\/\/saaristotrail.fi\/ilmoittautuminen\/"},"modified":"2025-09-08T14:58:35","modified_gmt":"2025-09-08T11:58:35","slug":"anmalning","status":"publish","type":"page","link":"https:\/\/saaristotrail.fi\/sv\/anmalning\/","title":{"rendered":"Anm\u00e4lning"},"content":{"rendered":"\n<h2 class=\"wp-block-heading\">F\u00f6rhandsanm\u00e4lan \u00e4r st\u00e4ngd<\/h2>\n\n\n\n<p><strong>Sista f\u00f6rhandsanm\u00e4lningsdatum var 7.9.2025.<\/strong> Ta med kvitto till t\u00e4vlingsplatsen. Mot den f\u00e5r du t\u00e4vlingsmaterialet.<\/p>\n\n\n\n<p class=\"has-vivid-red-color has-text-color has-link-color has-medium-font-size wp-elements-76ab93a98c97c311b3fb93ec56d1eef3\">OBS! Anm\u00e4lan till barnens 1 km-lopp \u00e4r \u00e4nnu m\u00f6jlig fram till den 10 september. Anm\u00e4lan \u00e4r gratis. <br>Skicka e-post direkt till adressen:\u00a0<a href=\"mailto:niklas.westerlund75@gmail.com\" target=\"_blank\" rel=\"noreferrer noopener\">niklas.westerlund75@gmail.com<\/a><\/p>\n\n\n\n<h3 class=\"wp-block-heading\">Efteranm\u00e4lan<\/h3>\n\n\n\n<p>Efteranm\u00e4lan kan g\u00f6ras i t\u00e4vlingskansliet p\u00e5 t\u00e4vlingsdagen med b\u00f6rjan kl 8.30. Efteranm\u00e4lningstiden slutar en timme f\u00f6re respektive klass starttid.&nbsp; Anm\u00e4lningsavgift p\u00e5 plats betalas via mobile pay eller kort. Ingen kontantbetalning. Inga motionssedlar. KOM I GOD TID f\u00f6r att undvika rusning.<\/p>\n\n\n\n<h5 class=\"wp-block-heading\">Anm\u00e4lningsvillkor:<\/h5>\n\n\n\n<p>Vid skada eller sjukdom kan anm\u00e4lningen \u00f6verf\u00f6ras till en annan l\u00f6pare.<\/p>\n\n\n\n<p><strong>Obs! 18 \u00e5r och yngres avgift \u00e4r 5 euro l\u00e4gre p\u00e5 alla str\u00e4ckor.<\/strong><\/p>\n\n\n\n<h4 class=\"wp-block-heading\">Anm\u00e4lan senast 15.7.2025<\/h4>\n\n\n\n<p>21 km 20\u20ac<br>14 km 20\u20ac<br>7km 15\u20ac<\/p>\n\n\n\n<h4 class=\"wp-block-heading\">Anm\u00e4lan senast 7.9.2025<\/h4>\n\n\n\n<p>21 km 25\u20ac<br>14 km 25\u20ac<br>7km 20\u20ac<\/p>\n\n\n\n<h4 class=\"wp-block-heading\">Efteranm\u00e4lning p\u00e5 plats<\/h4>\n\n\n\n<p>21 km 30\u20ac<br>14 km 30\u20ac<br>7 km 25\u20ac<\/p>\n\n\n\n<h4 class=\"wp-block-heading\">Barnens 1 km lopp<\/h4>\n\n\n\n<p>Anm\u00e4lan till barnens lekfulla 1 km lopp \u00e4r&nbsp;<strong>gratis om<\/strong>&nbsp;<strong>man f\u00f6rhands anm\u00e4ler sig senast den 10.9<\/strong><br>Efteranm\u00e4lan kostar 5 euro och g\u00f6rs p\u00e5 plats minst en halv timme f\u00f6re start. Alla i barnloppet f\u00e5r medalj!<\/p>\n\n\n\n<p><\/p>\n","protected":false},"excerpt":{"rendered":"<p>F\u00f6rhandsanm\u00e4lan \u00e4r st\u00e4ngd Sista f\u00f6rhandsanm\u00e4lningsdatum var 7.9.2025. Ta med kvitto till t\u00e4vlingsplatsen. Mot den f\u00e5r du t\u00e4vlingsmaterialet. OBS! Anm\u00e4lan till barnens 1 km-lopp \u00e4r \u00e4nnu m\u00f6jlig fram till den 10 september. Anm\u00e4lan \u00e4r gratis. Skicka e-post direkt till adressen:\u00a0niklas.westerlund75@gmail.com Efteranm\u00e4lan Efteranm\u00e4lan kan g\u00f6ras i t\u00e4vlingskansliet p\u00e5 t\u00e4vlingsdagen med b\u00f6rjan kl 8.30. Efteranm\u00e4lningstiden slutar en timme [&hellip;]<\/p>\n","protected":false},"author":1,"featured_media":1908,"parent":0,"menu_order":2,"comment_status":"closed","ping_status":"closed","template":"","meta":{"site-sidebar-layout":"default","site-content-layout":"default","ast-site-content-layout":"default","site-content-style":"default","site-sidebar-style":"default","ast-global-header-display":"","ast-banner-title-visibility":"","ast-main-header-display":"","ast-hfb-above-header-display":"","ast-hfb-below-header-display":"","ast-hfb-mobile-header-display":"","site-post-title":"","ast-breadcrumbs-content":"","ast-featured-img":"","footer-sml-layout":"","ast-disable-related-posts":"","theme-transparent-header-meta":"default","adv-header-id-meta":"","stick-header-meta":"default","header-above-stick-meta":"","header-main-stick-meta":"","header-below-stick-meta":"","astra-migrate-meta-layouts":"set","ast-page-background-enabled":"default","ast-page-background-meta":{"desktop":{"background-color":"","background-image":"","background-repeat":"repeat","background-position":"center center","background-size":"auto","background-attachment":"scroll","background-type":"","background-media":"","overlay-type":"","overlay-color":"","overlay-opacity":"","overlay-gradient":""},"tablet":{"background-color":"","background-image":"","background-repeat":"repeat","background-position":"center center","background-size":"auto","background-attachment":"scroll","background-type":"","background-media":"","overlay-type":"","overlay-color":"","overlay-opacity":"","overlay-gradient":""},"mobile":{"background-color":"","background-image":"","background-repeat":"repeat","background-position":"center center","background-size":"auto","background-attachment":"scroll","background-type":"","background-media":"","overlay-type":"","overlay-color":"","overlay-opacity":"","overlay-gradient":""}},"ast-content-background-meta":{"desktop":{"background-color":"var(--ast-global-color-5)","background-image":"","background-repeat":"repeat","background-position":"center center","background-size":"auto","background-attachment":"scroll","background-type":"","background-media":"","overlay-type":"","overlay-color":"","overlay-opacity":"","overlay-gradient":""},"tablet":{"background-color":"var(--ast-global-color-5)","background-image":"","background-repeat":"repeat","background-position":"center center","background-size":"auto","background-attachment":"scroll","background-type":"","background-media":"","overlay-type":"","overlay-color":"","overlay-opacity":"","overlay-gradient":""},"mobile":{"background-color":"var(--ast-global-color-5)","background-image":"","background-repeat":"repeat","background-position":"center center","background-size":"auto","background-attachment":"scroll","background-type":"","background-media":"","overlay-type":"","overlay-color":"","overlay-opacity":"","overlay-gradient":""}},"footnotes":""},"class_list":["post-661","page","type-page","status-publish","has-post-thumbnail","hentry"],"_links":{"self":[{"href":"https:\/\/saaristotrail.fi\/sv\/wp-json\/wp\/v2\/pages\/661","targetHints":{"allow":["GET"]}}],"collection":[{"href":"https:\/\/saaristotrail.fi\/sv\/wp-json\/wp\/v2\/pages"}],"about":[{"href":"https:\/\/saaristotrail.fi\/sv\/wp-json\/wp\/v2\/types\/page"}],"author":[{"embeddable":true,"href":"https:\/\/saaristotrail.fi\/sv\/wp-json\/wp\/v2\/users\/1"}],"replies":[{"embeddable":true,"href":"https:\/\/saaristotrail.fi\/sv\/wp-json\/wp\/v2\/comments?post=661"}],"version-history":[{"count":0,"href":"https:\/\/saaristotrail.fi\/sv\/wp-json\/wp\/v2\/pages\/661\/revisions"}],"wp:featuredmedia":[{"embeddable":true,"href":"https:\/\/saaristotrail.fi\/sv\/wp-json\/wp\/v2\/media\/1908"}],"wp:attachment":[{"href":"https:\/\/saaristotrail.fi\/sv\/wp-json\/wp\/v2\/media?parent=661"}],"curies":[{"name":"wp","href":"https:\/\/api.w.org\/{rel}","templated":true}]}}